{"id":21,"date":"2026-02-25T17:12:20","date_gmt":"2026-02-25T17:12:20","guid":{"rendered":"https:\/\/www.te-en.cz\/?page_id=21"},"modified":"2026-02-26T15:07:40","modified_gmt":"2026-02-26T15:07:40","slug":"home","status":"publish","type":"page","link":"https:\/\/www.te-en.cz\/","title":{"rendered":"www.te-en.cz"},"content":{"rendered":"<div class=\"wpb-content-wrapper\"><p>[vc_row][vc_column][vc_separator][\/vc_column][\/vc_row][vc_row][vc_column width=&#8220;1\/2&#8243;][vc_column_text css=&#8220;&#8220;]<\/p>\n<h1>TE-EN Servis s.r.o.<\/h1>\n<p>[\/vc_column_text][vc_single_image image=&#8220;55&#8243; img_size=&#8220;full&#8220; alignment=&#8220;center&#8220; css=&#8220;&#8220;][\/vc_column][vc_column width=&#8220;1\/2&#8243;][vc_column_text css=&#8220;&#8220;][\/vc_column_text][vc_column_text css=&#8220;&#8220;]<\/p>\n<h1>Na\u0161e slu\u017eby:<\/h1>\n<ul>\n<li>V\u00fdroba, instalace, opravy elektrick\u00fdch stroj\u016f a p\u0159\u00edstroj\u016f, elektronick\u00fdch a elekomunika\u010dn\u00edch za\u0159\u00edzen\u00ed<\/li>\n<li>Projektov\u00e1n\u00ed elektrick\u00fdch za\u0159\u00edzen\u00ed<\/li>\n<li>Mont\u00e1\u017e, opravy, revize a zkou\u0161ky elektrick\u00fdch za\u0159\u00edzen\u00ed<\/li>\n<li>Mont\u00e1\u017e, \u00fadr\u017eba a servis telekomunika\u010dn\u00edch za\u0159\u00edzen\u00ed<\/li>\n<li>P\u0159\u00edpravn\u00e9 pr\u00e1ce pro stavby<\/li>\n<li>Prov\u00e1d\u011bn\u00ed staveb, jejich zm\u011bn a odstra\u0148ov\u00e1n\u00ed<\/li>\n<\/ul>\n<p>[\/vc_column_text][vc_column_text css=&#8220;&#8220;]<\/p>\n<h1>Na\u0161e posl\u00e1n\u00ed:<\/h1>\n<ul>\n<li>Poskytovat slu\u017eby na nejvy\u0161\u0161\u00ed odborn\u00e9 \u00farovni<\/li>\n<li>Poznat pot\u0159eby klienta a jeho po\u017eadavky vy\u0159e\u0161it optim\u00e1ln\u011b k jeho mo\u017enostem<\/li>\n<li>Usilovat o dlouhodobou spolupr\u00e1ci, st\u00e1t se dobr\u00fdm partnerem ve vztahu se z\u00e1kazn\u00edkem<\/li>\n<li>Motivovat pracovn\u00ed t\u00fdm k trval\u00e9mu zlep\u0161ov\u00e1n\u00ed odbornosti a v\u00fdkonu<\/li>\n<\/ul>\n<p>[\/vc_column_text][\/vc_column][\/vc_row]<\/p>\n<\/div>","protected":false},"excerpt":{"rendered":"<p>[vc_row][vc_column][vc_separator][\/vc_column][\/vc_row][vc_row][vc_column width=&#8220;1\/2&#8243;][vc_column_text css=&#8220;&#8220;] TE-EN Servis s.r.o. [\/vc_column_text][vc_single_image image=&#8220;55&#8243; img_size=&#8220;full&#8220; alignment=&#8220;center&#8220; css=&#8220;&#8220;][\/vc_column][vc_column width=&#8220;1\/2&#8243;][vc_column_text css=&#8220;&#8220;][\/vc_column_text][vc_column_text css=&#8220;&#8220;] Na\u0161e slu\u017eby: V\u00fdroba, instalace, opravy elektrick\u00fdch stroj\u016f a p\u0159\u00edstroj\u016f, elektronick\u00fdch a elekomunika\u010dn\u00edch za\u0159\u00edzen\u00ed Projektov\u00e1n\u00ed elektrick\u00fdch za\u0159\u00edzen\u00ed Mont\u00e1\u017e, opravy, revize a zkou\u0161ky elektrick\u00fdch za\u0159\u00edzen\u00ed Mont\u00e1\u017e, \u00fadr\u017eba a servis telekomunika\u010dn\u00edch za\u0159\u00edzen\u00ed P\u0159\u00edpravn\u00e9 pr\u00e1ce pro stavby Prov\u00e1d\u011bn\u00ed staveb, jejich zm\u011bn a odstra\u0148ov\u00e1n\u00ed [\/vc_column_text][vc_column_text css=&#8220;&#8220;]&hellip;<\/p>\n","protected":false},"author":1,"featured_media":0,"parent":0,"menu_order":0,"comment_status":"closed","ping_status":"closed","template":"","meta":{"_acf_changed":false,"footnotes":""},"class_list":["post-21","page","type-page","status-publish","hentry"],"acf":[],"_links":{"self":[{"href":"https:\/\/www.te-en.cz\/index.php?rest_route=\/wp\/v2\/pages\/21","targetHints":{"allow":["GET"]}}],"collection":[{"href":"https:\/\/www.te-en.cz\/index.php?rest_route=\/wp\/v2\/pages"}],"about":[{"href":"https:\/\/www.te-en.cz\/index.php?rest_route=\/wp\/v2\/types\/page"}],"author":[{"embeddable":true,"href":"https:\/\/www.te-en.cz\/index.php?rest_route=\/wp\/v2\/users\/1"}],"replies":[{"embeddable":true,"href":"https:\/\/www.te-en.cz\/index.php?rest_route=%2Fwp%2Fv2%2Fcomments&post=21"}],"version-history":[{"count":35,"href":"https:\/\/www.te-en.cz\/index.php?rest_route=\/wp\/v2\/pages\/21\/revisions"}],"predecessor-version":[{"id":84,"href":"https:\/\/www.te-en.cz\/index.php?rest_route=\/wp\/v2\/pages\/21\/revisions\/84"}],"wp:attachment":[{"href":"https:\/\/www.te-en.cz\/index.php?rest_route=%2Fwp%2Fv2%2Fmedia&parent=21"}],"curies":[{"name":"wp","href":"https:\/\/api.w.org\/{rel}","templated":true}]}}